{"id":4865,"date":"2022-12-18T22:45:03","date_gmt":"2022-12-18T22:45:03","guid":{"rendered":"https:\/\/www.turgaytaskiran.at\/kuenye\/"},"modified":"2023-03-16T14:38:33","modified_gmt":"2023-03-16T14:38:33","slug":"kuenye","status":"publish","type":"page","link":"https:\/\/www.turgaytaskiran.at\/tr\/kuenye\/","title":{"rendered":"K\u00fcnye"},"content":{"rendered":"\t\t<div data-elementor-type=\"wp-page\" data-elementor-id=\"4865\" class=\"elementor elementor-4865 elementor-3123\">\n\t\t\t\t\t\t<section class=\"elementor-section elementor-top-section elementor-element elementor-element-12ed2b4a elementor-section-boxed elementor-section-height-default elementor-section-height-default tf-sticky-section tf-sticky-no\" data-id=\"12ed2b4a\" data-element_type=\"section\" data-settings=\"{&quot;background_background&quot;:&quot;classic&quot;,&quot;tf_sticky&quot;:&quot;no&quot;}\">\n\t\t\t\t\t\t<div class=\"elementor-container elementor-column-gap-default\">\n\t\t\t\t\t<div class=\"elementor-column elementor-col-100 elementor-top-column elementor-element elementor-element-60893379\" data-id=\"60893379\" data-element_type=\"column\">\n\t\t\t<div class=\"elementor-widget-wrap elementor-element-populated\">\n\t\t\t\t\t\t<div class=\"elementor-element elementor-element-65fd2dad elementor-invisible elementor-widget elementor-widget-heading\" data-id=\"65fd2dad\" data-element_type=\"widget\" data-settings=\"{&quot;_animation&quot;:&quot;fadeInUp&quot;}\" data-widget_type=\"heading.default\">\n\t\t\t\t<div class=\"elementor-widget-container\">\n\t\t\t<style>\/*! elementor - v3.19.0 - 05-02-2024 *\/\n.elementor-heading-title{padding:0;margin:0;line-height:1}.elementor-widget-heading .elementor-heading-title[class*=elementor-size-]>a{color:inherit;font-size:inherit;line-height:inherit}.elementor-widget-heading .elementor-heading-title.elementor-size-small{font-size:15px}.elementor-widget-heading .elementor-heading-title.elementor-size-medium{font-size:19px}.elementor-widget-heading .elementor-heading-title.elementor-size-large{font-size:29px}.elementor-widget-heading .elementor-heading-title.elementor-size-xl{font-size:39px}.elementor-widget-heading .elementor-heading-title.elementor-size-xxl{font-size:59px}<\/style><h2 class=\"elementor-heading-title elementor-size-default\">K\u00fcnye<\/h2>\t\t<\/div>\n\t\t\t\t<\/div>\n\t\t\t\t\t<\/div>\n\t\t<\/div>\n\t\t\t\t\t<\/div>\n\t\t<\/section>\n\t\t\t\t<section class=\"elementor-section elementor-top-section elementor-element elementor-element-787f82d1 elementor-section-boxed elementor-section-height-default elementor-section-height-default tf-sticky-section tf-sticky-no\" data-id=\"787f82d1\" data-element_type=\"section\" data-settings=\"{&quot;tf_sticky&quot;:&quot;no&quot;}\">\n\t\t\t\t\t\t<div class=\"elementor-container elementor-column-gap-default\">\n\t\t\t\t\t<div class=\"elementor-column elementor-col-100 elementor-top-column elementor-element elementor-element-3162d4f3\" data-id=\"3162d4f3\" data-element_type=\"column\">\n\t\t\t<div class=\"elementor-widget-wrap elementor-element-populated\">\n\t\t\t\t\t\t<section class=\"elementor-section elementor-inner-section elementor-element elementor-element-6969767d elementor-section-boxed elementor-section-height-default elementor-section-height-default tf-sticky-section tf-sticky-no\" data-id=\"6969767d\" data-element_type=\"section\" data-settings=\"{&quot;tf_sticky&quot;:&quot;no&quot;}\">\n\t\t\t\t\t\t<div class=\"elementor-container elementor-column-gap-default\">\n\t\t\t\t\t<div class=\"elementor-column elementor-col-100 elementor-inner-column elementor-element elementor-element-c659adf\" data-id=\"c659adf\" data-element_type=\"column\">\n\t\t\t<div class=\"elementor-widget-wrap elementor-element-populated\">\n\t\t\t\t\t\t<div class=\"elementor-element elementor-element-7d8d3557 elementor-invisible elementor-widget elementor-widget-heading\" data-id=\"7d8d3557\" data-element_type=\"widget\" data-settings=\"{&quot;_animation&quot;:&quot;fadeInUp&quot;}\" data-widget_type=\"heading.default\">\n\t\t\t\t<div class=\"elementor-widget-container\">\n\t\t\t<h4 class=\"elementor-heading-title elementor-size-default\">Hizmet sa\u011flay\u0131c\u0131 ve medya sahibi:<\/h4>\t\t<\/div>\n\t\t\t\t<\/div>\n\t\t\t\t<div class=\"elementor-element elementor-element-2fe12cf elementor-widget elementor-widget-text-editor\" data-id=\"2fe12cf\" data-element_type=\"widget\" data-widget_type=\"text-editor.default\">\n\t\t\t\t<div class=\"elementor-widget-container\">\n\t\t\t<style>\/*! elementor - v3.19.0 - 05-02-2024 *\/\n.elementor-widget-text-editor.elementor-drop-cap-view-stacked .elementor-drop-cap{background-color:#69727d;color:#fff}.elementor-widget-text-editor.elementor-drop-cap-view-framed .elementor-drop-cap{color:#69727d;border:3px solid;background-color:transparent}.elementor-widget-text-editor:not(.elementor-drop-cap-view-default) .elementor-drop-cap{margin-top:8px}.elementor-widget-text-editor:not(.elementor-drop-cap-view-default) .elementor-drop-cap-letter{width:1em;height:1em}.elementor-widget-text-editor .elementor-drop-cap{float:left;text-align:center;line-height:1;font-size:50px}.elementor-widget-text-editor .elementor-drop-cap-letter{display:inline-block}<\/style>\t\t\t\t<p><strong><span style=\"font-size: 12pt;\">GRUP UYGULAMA OG Dr. Turgay TA\u015eKIRAN &amp; Dr. Salih VAROL<\/span><br \/><\/strong><\/p>\n<p>Viyana Tabipler Birli\u011fi \u00dcyesi<\/p>\n<p><strong>\u0130\u015f unvan\u0131:<\/strong> Genel t\u0131p uzman\u0131<br \/>Faaliyetler 1998 tarihli T\u0131bbi Uygulay\u0131c\u0131lar Yasas\u0131na tabidir (bkz. <span style=\"color: #000080;\"><br \/>\n  <a style=\"color: #000080;\" href=\"https:\/\/www.ris.bka.gv.at\/bundesrecht\" target=\"_blank\" rel=\"noopener\">https:\/\/www.ris.bka.gv.at\/bundesrecht<\/a><br \/>\n  <span style=\"color: #000000;\">)<\/span><br \/>\n<\/span><\/p>\n<p><strong>Adres:<\/strong> <span class=\"elementor-icon-list-text\">Albin-Hirsch-Platz 2\/5\/5, 1110 Viyana <\/span> <\/p>\n<p><strong>Web:<\/strong> <span style=\"color: #000080;\"><a style=\"color: #000080;\" href=\"https:\/\/www.turgaytaskiran.at\/tr\/\">www.turgaytaskiran.at<\/a><\/span><br \/><strong>e-posta:<\/strong> <span style=\"color: #000080;\"><a style=\"color: #000080;\" href=\"mailto:office@turgaytaskiran.at\">ofis@turgaytaskiran<\/a><\/span><br \/><strong>Telefon:<\/strong> <a href=\"tel:01\/767%2051%2087\"><span class=\"elementor-icon-list-text\"><span style=\"color: #000080;\">01\/767 51 87<\/span><\/span><\/a><\/p>\n<\/p>\n<hr>\n<p><span style=\"font-size: 11pt;\"><strong>Web &amp; Email &#8211; Digital \u00e7\u00f6z\u00fcmler (IT &#8211; SEO &amp; Webdesign Partner):<\/strong><br \/>Kodlogy Technologies GmbH &#8211; <span style=\"color: #333399;\"><strong><a style=\"color: #333399;\" href=\"https:\/\/www.kodlogy.at\">Viyana Yaz\u0131l\u0131m ve Web Tasar\u0131m\u0131<\/a><\/strong><\/span><\/span><\/p>\n<p><strong>Kullan\u0131lan foto\u011fraflar\u0131n lisanslar\u0131:  <\/strong><br \/>Kodlogy Technologies GmbH a\u015fa\u011f\u0131daki platformlarda:<br \/>Envato Elements, Twenty20, Freepik, Themeforest<\/p>\n<\/p>\n<hr>\n<p><strong><br \/><\/strong><strong>Sorumluluk reddi:<\/strong><br \/>\u0130\u00e7eri\u011fin dikkatli bir \u015fekilde kontrol edilmesine ra\u011fmen, harici ba\u011flant\u0131lar\u0131n ve foto\u011fraflar\u0131n i\u00e7eri\u011fi i\u00e7in hi\u00e7bir sorumluluk kabul etmiyoruz. Ba\u011flant\u0131l\u0131 sayfalar\u0131n ve yay\u0131nlanan foto\u011fraflar\u0131n operat\u00f6rleri, i\u00e7eriklerinden yaln\u0131zca kendileri sorumludur. T\u00fcm alt alan adlar\u0131 dahil olmak \u00fczere www.turgaytaskiran.at alan ad\u0131, internetteki di\u011fer sayfalara ba\u011flant\u0131lar verir. Bu durumlar i\u00e7in a\u015fa\u011f\u0131dakiler ge\u00e7erlidir: GRUPPENPRAXIS OG Dr. Turgay TASKIRAN &amp; Dr. Salih VAROL www.turgaytaskiran.at sahipleri olarak, ba\u011flant\u0131 verilen ve y\u00fcklenen sayfalar\u0131n ve foto\u011fraflar\u0131n tasar\u0131m\u0131 ve i\u00e7eri\u011fi \u00fczerinde hi\u00e7bir etkilerinin olmad\u0131\u011f\u0131n\u0131 a\u00e7\u0131k\u00e7a beyan ederler. Bu nedenle, www.turgaytaskiran.at, GRUPPENPRAXIS OG Dr. Turgay TASKIRAN &amp; Dr. Salih VAROL, web sitesindeki t\u00fcm ba\u011flant\u0131l\u0131 sayfalar\u0131n ve yay\u0131nlanan foto\u011fraflar\u0131n t\u00fcm i\u00e7eriklerine a\u00e7\u0131k\u00e7a mesafe koymakta ve bu i\u00e7erikleri kendilerine ait olarak benimsememektedir. Bu beyan, ba\u011flant\u0131lar\u0131n y\u00f6nlendirdi\u011fi t\u00fcm sayfalar i\u00e7in ge\u00e7erlidir.<\/p>\n\t\t\t\t\t\t<\/div>\n\t\t\t\t<\/div>\n\t\t\t\t<div class=\"elementor-element elementor-element-900aa44 elementor-widget elementor-widget-spacer\" data-id=\"900aa44\" data-element_type=\"widget\" data-widget_type=\"spacer.default\">\n\t\t\t\t<div class=\"elementor-widget-container\">\n\t\t\t<style>\/*! elementor - v3.19.0 - 05-02-2024 *\/\n.elementor-column .elementor-spacer-inner{height:var(--spacer-size)}.e-con{--container-widget-width:100%}.e-con-inner>.elementor-widget-spacer,.e-con>.elementor-widget-spacer{width:var(--container-widget-width,var(--spacer-size));--align-self:var(--container-widget-align-self,initial);--flex-shrink:0}.e-con-inner>.elementor-widget-spacer>.elementor-widget-container,.e-con>.elementor-widget-spacer>.elementor-widget-container{height:100%;width:100%}.e-con-inner>.elementor-widget-spacer>.elementor-widget-container>.elementor-spacer,.e-con>.elementor-widget-spacer>.elementor-widget-container>.elementor-spacer{height:100%}.e-con-inner>.elementor-widget-spacer>.elementor-widget-container>.elementor-spacer>.elementor-spacer-inner,.e-con>.elementor-widget-spacer>.elementor-widget-container>.elementor-spacer>.elementor-spacer-inner{height:var(--container-widget-height,var(--spacer-size))}.e-con-inner>.elementor-widget-spacer.elementor-widget-empty,.e-con>.elementor-widget-spacer.elementor-widget-empty{position:relative;min-height:22px;min-width:22px}.e-con-inner>.elementor-widget-spacer.elementor-widget-empty .elementor-widget-empty-icon,.e-con>.elementor-widget-spacer.elementor-widget-empty .elementor-widget-empty-icon{position:absolute;top:0;bottom:0;left:0;right:0;margin:auto;padding:0;width:22px;height:22px}<\/style>\t\t<div class=\"elementor-spacer\">\n\t\t\t<div class=\"elementor-spacer-inner\"><\/div>\n\t\t<\/div>\n\t\t\t\t<\/div>\n\t\t\t\t<\/div>\n\t\t\t\t\t<\/div>\n\t\t<\/div>\n\t\t\t\t\t<\/div>\n\t\t<\/section>\n\t\t\t\t\t<\/div>\n\t\t<\/div>\n\t\t\t\t\t<\/div>\n\t\t<\/section>\n\t\t\t\t<\/div>\n\t\t","protected":false},"excerpt":{"rendered":"<p>K\u00fcnye Hizmet sa\u011flay\u0131c\u0131 ve medya sahibi: GRUP UYGULAMA OG Dr. Turgay TA\u015eKIRAN &amp; Dr. Salih VAROL Viyana Tabipler Birli\u011fi \u00dcyesi \u0130\u015f unvan\u0131: Genel t\u0131p uzman\u0131Faaliyetler 1998 tarihli T\u0131bbi Uygulay\u0131c\u0131lar Yasas\u0131na tabidir (bkz. https:\/\/www.ris.bka.gv.at\/bundesrecht ) Adres: Albin-Hirsch-Platz 2\/5\/5, 1110 Viyana Web: www.turgaytaskiran.ate-posta: ofis@turgaytaskiranTelefon: 01\/767 51 87 Web &amp; Email &#8211; Digital \u00e7\u00f6z\u00fcmler (IT &#8211; SEO &amp; [&hellip;]<\/p>\n","protected":false},"author":1,"featured_media":0,"parent":0,"menu_order":0,"comment_status":"closed","ping_status":"closed","template":"","meta":{"footnotes":""},"class_list":["post-4865","page","type-page","status-publish","hentry"],"yoast_head":"<!-- This site is optimized with the Yoast SEO plugin v22.0 - https:\/\/yoast.com\/wordpress\/plugins\/seo\/ -->\n<title>K\u00fcnye - Dr. Turgay TASKIRAN &amp; Dr. Salih VAROL<\/title>\n<meta name=\"robots\" content=\"index, follow, max-snippet:-1, max-image-preview:large, max-video-preview:-1\" \/>\n<link rel=\"canonical\" href=\"https:\/\/www.turgaytaskiran.at\/tr\/kuenye\/\" \/>\n<meta property=\"og:locale\" content=\"tr_TR\" \/>\n<meta property=\"og:type\" content=\"article\" \/>\n<meta property=\"og:title\" content=\"K\u00fcnye - Dr. Turgay TASKIRAN &amp; Dr. Salih VAROL\" \/>\n<meta property=\"og:description\" content=\"K\u00fcnye Hizmet sa\u011flay\u0131c\u0131 ve medya sahibi: GRUP UYGULAMA OG Dr. Turgay TA\u015eKIRAN &amp; Dr. Salih VAROL Viyana Tabipler Birli\u011fi \u00dcyesi \u0130\u015f unvan\u0131: Genel t\u0131p uzman\u0131Faaliyetler 1998 tarihli T\u0131bbi Uygulay\u0131c\u0131lar Yasas\u0131na tabidir (bkz. https:\/\/www.ris.bka.gv.at\/bundesrecht ) Adres: Albin-Hirsch-Platz 2\/5\/5, 1110 Viyana Web: www.turgaytaskiran.ate-posta: ofis@turgaytaskiranTelefon: 01\/767 51 87 Web &amp; Email &#8211; Digital \u00e7\u00f6z\u00fcmler (IT &#8211; SEO &amp; [&hellip;]\" \/>\n<meta property=\"og:url\" content=\"https:\/\/www.turgaytaskiran.at\/tr\/kuenye\/\" \/>\n<meta property=\"og:site_name\" content=\"Dr. Turgay TASKIRAN &amp; Dr. Salih VAROL\" \/>\n<meta property=\"article:modified_time\" content=\"2023-03-16T14:38:33+00:00\" \/>\n<meta name=\"twitter:card\" content=\"summary_large_image\" \/>\n<meta name=\"twitter:label1\" content=\"Tahmini okuma s\u00fcresi\" \/>\n\t<meta name=\"twitter:data1\" content=\"1 dakika\" \/>\n<script type=\"application\/ld+json\" class=\"yoast-schema-graph\">{\"@context\":\"https:\/\/schema.org\",\"@graph\":[{\"@type\":\"WebPage\",\"@id\":\"https:\/\/www.turgaytaskiran.at\/tr\/kuenye\/\",\"url\":\"https:\/\/www.turgaytaskiran.at\/tr\/kuenye\/\",\"name\":\"K\u00fcnye - Dr. Turgay TASKIRAN &amp; Dr. Salih VAROL\",\"isPartOf\":{\"@id\":\"https:\/\/www.turgaytaskiran.at\/#website\"},\"datePublished\":\"2022-12-18T22:45:03+00:00\",\"dateModified\":\"2023-03-16T14:38:33+00:00\",\"breadcrumb\":{\"@id\":\"https:\/\/www.turgaytaskiran.at\/tr\/kuenye\/#breadcrumb\"},\"inLanguage\":\"tr\",\"potentialAction\":[{\"@type\":\"ReadAction\",\"target\":[\"https:\/\/www.turgaytaskiran.at\/tr\/kuenye\/\"]}]},{\"@type\":\"BreadcrumbList\",\"@id\":\"https:\/\/www.turgaytaskiran.at\/tr\/kuenye\/#breadcrumb\",\"itemListElement\":[{\"@type\":\"ListItem\",\"position\":1,\"name\":\"Startseite\",\"item\":\"https:\/\/www.turgaytaskiran.at\/\"},{\"@type\":\"ListItem\",\"position\":2,\"name\":\"K\u00fcnye\"}]},{\"@type\":\"WebSite\",\"@id\":\"https:\/\/www.turgaytaskiran.at\/#website\",\"url\":\"https:\/\/www.turgaytaskiran.at\/\",\"name\":\"Dr. Turgay TASKIRAN &amp; Dr. Salih VAROL\",\"description\":\"\u00c4rzte f\u00fcr Allgemeinmedizin in Wien\",\"potentialAction\":[{\"@type\":\"SearchAction\",\"target\":{\"@type\":\"EntryPoint\",\"urlTemplate\":\"https:\/\/www.turgaytaskiran.at\/?s={search_term_string}\"},\"query-input\":\"required name=search_term_string\"}],\"inLanguage\":\"tr\"}]}<\/script>\n<!-- \/ Yoast SEO plugin. -->","yoast_head_json":{"title":"K\u00fcnye - Dr. Turgay TASKIRAN &amp; Dr. Salih VAROL","robots":{"index":"index","follow":"follow","max-snippet":"max-snippet:-1","max-image-preview":"max-image-preview:large","max-video-preview":"max-video-preview:-1"},"canonical":"https:\/\/www.turgaytaskiran.at\/tr\/kuenye\/","og_locale":"tr_TR","og_type":"article","og_title":"K\u00fcnye - Dr. Turgay TASKIRAN &amp; Dr. Salih VAROL","og_description":"K\u00fcnye Hizmet sa\u011flay\u0131c\u0131 ve medya sahibi: GRUP UYGULAMA OG Dr. Turgay TA\u015eKIRAN &amp; Dr. Salih VAROL Viyana Tabipler Birli\u011fi \u00dcyesi \u0130\u015f unvan\u0131: Genel t\u0131p uzman\u0131Faaliyetler 1998 tarihli T\u0131bbi Uygulay\u0131c\u0131lar Yasas\u0131na tabidir (bkz. https:\/\/www.ris.bka.gv.at\/bundesrecht ) Adres: Albin-Hirsch-Platz 2\/5\/5, 1110 Viyana Web: www.turgaytaskiran.ate-posta: ofis@turgaytaskiranTelefon: 01\/767 51 87 Web &amp; Email &#8211; Digital \u00e7\u00f6z\u00fcmler (IT &#8211; SEO &amp; [&hellip;]","og_url":"https:\/\/www.turgaytaskiran.at\/tr\/kuenye\/","og_site_name":"Dr. Turgay TASKIRAN &amp; Dr. Salih VAROL","article_modified_time":"2023-03-16T14:38:33+00:00","twitter_card":"summary_large_image","twitter_misc":{"Tahmini okuma s\u00fcresi":"1 dakika"},"schema":{"@context":"https:\/\/schema.org","@graph":[{"@type":"WebPage","@id":"https:\/\/www.turgaytaskiran.at\/tr\/kuenye\/","url":"https:\/\/www.turgaytaskiran.at\/tr\/kuenye\/","name":"K\u00fcnye - Dr. Turgay TASKIRAN &amp; Dr. Salih VAROL","isPartOf":{"@id":"https:\/\/www.turgaytaskiran.at\/#website"},"datePublished":"2022-12-18T22:45:03+00:00","dateModified":"2023-03-16T14:38:33+00:00","breadcrumb":{"@id":"https:\/\/www.turgaytaskiran.at\/tr\/kuenye\/#breadcrumb"},"inLanguage":"tr","potentialAction":[{"@type":"ReadAction","target":["https:\/\/www.turgaytaskiran.at\/tr\/kuenye\/"]}]},{"@type":"BreadcrumbList","@id":"https:\/\/www.turgaytaskiran.at\/tr\/kuenye\/#breadcrumb","itemListElement":[{"@type":"ListItem","position":1,"name":"Startseite","item":"https:\/\/www.turgaytaskiran.at\/"},{"@type":"ListItem","position":2,"name":"K\u00fcnye"}]},{"@type":"WebSite","@id":"https:\/\/www.turgaytaskiran.at\/#website","url":"https:\/\/www.turgaytaskiran.at\/","name":"Dr. Turgay TASKIRAN &amp; Dr. Salih VAROL","description":"\u00c4rzte f\u00fcr Allgemeinmedizin in Wien","potentialAction":[{"@type":"SearchAction","target":{"@type":"EntryPoint","urlTemplate":"https:\/\/www.turgaytaskiran.at\/?s={search_term_string}"},"query-input":"required name=search_term_string"}],"inLanguage":"tr"}]}},"_links":{"self":[{"href":"https:\/\/www.turgaytaskiran.at\/tr\/wp-json\/wp\/v2\/pages\/4865","targetHints":{"allow":["GET"]}}],"collection":[{"href":"https:\/\/www.turgaytaskiran.at\/tr\/wp-json\/wp\/v2\/pages"}],"about":[{"href":"https:\/\/www.turgaytaskiran.at\/tr\/wp-json\/wp\/v2\/types\/page"}],"author":[{"embeddable":true,"href":"https:\/\/www.turgaytaskiran.at\/tr\/wp-json\/wp\/v2\/users\/1"}],"replies":[{"embeddable":true,"href":"https:\/\/www.turgaytaskiran.at\/tr\/wp-json\/wp\/v2\/comments?post=4865"}],"version-history":[{"count":0,"href":"https:\/\/www.turgaytaskiran.at\/tr\/wp-json\/wp\/v2\/pages\/4865\/revisions"}],"wp:attachment":[{"href":"https:\/\/www.turgaytaskiran.at\/tr\/wp-json\/wp\/v2\/media?parent=4865"}],"curies":[{"name":"wp","href":"https:\/\/api.w.org\/{rel}","templated":true}]}}